{"id":25,"date":"2017-01-16T21:24:21","date_gmt":"2017-01-16T18:24:21","guid":{"rendered":"http:\/\/ibrahimertekin.com\/?page_id=25"},"modified":"2019-12-12T21:44:46","modified_gmt":"2019-12-12T18:44:46","slug":"hakkimda","status":"publish","type":"page","link":"https:\/\/ibrahimertekin.com\/index.php\/hakkimda\/","title":{"rendered":"Hakk\u0131mda"},"content":{"rendered":"<p class=\"p1\"><span class=\"s1\">\u00a05 \u015eubat 1996 y\u0131l\u0131nda Ayd\u0131n\u2019\u0131n Nazilli il\u00e7esinde do\u011fdum. \u0130lk ve orta \u00f6\u011fretimimi Nazilli Fatih \u0130lk\u00f6\u011fretim Okulunda tamamlad\u0131m.<\/span><\/p>\n<p class=\"p1\"><span class=\"s1\">\u00a0 \u00a0Babam Mustafa ERTEK\u0130N\u2019inde deste\u011fiyle kendi potansiyelimin fark\u0131na varana kadar bir \u00e7ok teknolojik \u00fcr\u00fcn par\u00e7alad\u0131m, birle\u015ftirdim yeri geldi i\u015fe yaramaz \u015feyleri i\u015fe yarar hale getirdim ayn\u0131 zamanda i\u015fe yarar \u015feyleri bozmu\u015flu\u011fumda vard\u0131r ama denemekten hi\u00e7 bir zaman korkmad\u0131m. Bu tutkumu ilkokul y\u0131llar\u0131m\u0131n sonunda elektrik-elektronik alanlar\u0131 ile birle\u015ftirerek g\u00fczel \u015feyler ba\u015farabilece\u011fimi d\u00fc\u015f\u00fcnd\u00fcm ve Nazilli Anadolu Teknik Lisesi Elektrik-Elektronik b\u00f6l\u00fcm\u00fcn\u00fc kazand\u0131m.<\/span><\/p>\n<p class=\"p1\"><span class=\"s1\">\u00a0 \u00a0Lisede bana ba\u015farma azmini sa\u011flayan iki \u015fey vard\u0131. Bunlardan ilki \u0130stanbul hayalim di\u011feri ise i\u00e7imdeki \u00f6zg\u00fcvene her an\u0131mda tam g\u00fcven duymamd\u0131. Bende bunlar \u0131\u015f\u0131\u011f\u0131nda \u0130stanbul \u00dcniversitesi Kontrol ve Otomasyon Teknolojileri b\u00f6l\u00fcm\u00fcne gitmeye karar verdim.<\/span><\/p>\n<p class=\"p1\"><span class=\"s1\">\u00a0 \u00a0Bir \u00fcniversite bana yetmedi \u00f6nce g\u00fcvenlik dedim ve ayn\u0131 zamanda Atat\u00fcrk \u00dcniversitesi \u0130\u015f Sa\u011fl\u0131\u011f\u0131 ve G\u00fcvenli\u011fi Uzmanl\u0131\u011f\u0131 b\u00f6l\u00fcm\u00fcnde 2. \u00dcniversitede okumaya ba\u015flad\u0131m.\u00a0<\/span><\/p>\n<p>\u00a0 \u00a0\u0130stanbul \u00dcniversitesini tamamlad\u0131ktan sonra DGS ile Y\u0131ld\u0131z Teknik \u00dcniversitesi Kontrol ve Otomasyon M\u00fchendisli\u011fini kazand\u0131m. \u015eu an \u00f6\u011frenimimi burada s\u00fcrd\u00fcrmekteyim.<\/p>\n<p class=\"p2\"><span class=\"s2\">\u00a0 \u00a0Her zaman \u00e7ok merakl\u0131 bir insan oldum. Kitap okumay\u0131 hi\u00e7 sevmedim hala sevmiyorum ancak merak\u0131m\u0131 her zaman okuyarak gidermeye \u00e7al\u0131\u015f\u0131yorum. Merak ettiklerimi sizlerle payla\u015fmak i\u00e7in \u201c<span class=\"skimlinks-unlinked\">ibrahimertekin.com<\/span>\u201d sitesini kurdum.<\/span><\/p>\n<p>\u00a0 \u00a0Size &#8220;Hayal Gurusu&#8221; oldu\u011fumdan bahsetmi\u015f miydim? Ben hayalimi ya\u015f\u0131yorum ve hayalini ya\u015fayan insanlara gerekli yard\u0131m\u0131 sa\u011flamak ve onlara destek olmak amac\u0131yla &#8220;<a href=\"http:\/\/www.hayalgurusu.com\">hayalgurusu.com<\/a>&#8221; sitesini kurdum.\u00a0<\/p>\n\n\n<p><\/p>\n<div class=\"sharedaddy sd-sharing-enabled\"><div class=\"robots-nocontent sd-block sd-social sd-social-icon-text sd-sharing\"><h3 class=\"sd-title\">Bunu payla\u015f:<\/h3><div class=\"sd-content\"><ul><li class=\"share-print\"><a rel=\"nofollow noopener noreferrer\" data-shared=\"\" class=\"share-print sd-button share-icon\" href=\"https:\/\/ibrahimertekin.com\/index.php\/hakkimda\/\" target=\"_blank\" title=\"Yazd\u0131rmak i\u00e7in t\u0131klay\u0131n\"><span>Yazd\u0131r<\/span><\/a><\/li><li class=\"share-facebook\"><a rel=\"nofollow noopener noreferrer\" data-shared=\"sharing-facebook-25\" class=\"share-facebook sd-button share-icon\" href=\"https:\/\/ibrahimertekin.com\/index.php\/hakkimda\/?share=facebook\" target=\"_blank\" title=\"Facebook'ta payla\u015fmak i\u00e7in t\u0131klay\u0131n\"><span>Facebook<\/span><\/a><\/li><li class=\"share-twitter\"><a rel=\"nofollow noopener noreferrer\" data-shared=\"sharing-twitter-25\" class=\"share-twitter sd-button share-icon\" href=\"https:\/\/ibrahimertekin.com\/index.php\/hakkimda\/?share=twitter\" target=\"_blank\" title=\"Twitter \u00fczerinde payla\u015fmak i\u00e7in t\u0131klay\u0131n\"><span>Twitter<\/span><\/a><\/li><li class=\"share-linkedin\"><a rel=\"nofollow noopener noreferrer\" data-shared=\"sharing-linkedin-25\" class=\"share-linkedin sd-button share-icon\" href=\"https:\/\/ibrahimertekin.com\/index.php\/hakkimda\/?share=linkedin\" target=\"_blank\" title=\"Linkedln \u00fczerinden payla\u015fmak i\u00e7in t\u0131klay\u0131n\"><span>LinkedIn<\/span><\/a><\/li><li class=\"share-jetpack-whatsapp\"><a rel=\"nofollow noopener noreferrer\" data-shared=\"\" class=\"share-jetpack-whatsapp sd-button share-icon\" href=\"https:\/\/ibrahimertekin.com\/index.php\/hakkimda\/?share=jetpack-whatsapp\" target=\"_blank\" title=\"WhatsApp'ta payla\u015fmak i\u00e7in t\u0131klay\u0131n\"><span>WhatsApp<\/span><\/a><\/li><li class=\"share-email\"><a rel=\"nofollow noopener noreferrer\" data-shared=\"\" class=\"share-email sd-button share-icon\" href=\"https:\/\/ibrahimertekin.com\/index.php\/hakkimda\/?share=email\" target=\"_blank\" title=\"Arkada\u015f\u0131n\u0131zla e-posta \u00fczerinden payla\u015fmak i\u00e7in t\u0131klay\u0131n\"><span>E-posta<\/span><\/a><\/li><li class=\"share-end\"><\/li><\/ul><\/div><\/div><\/div>","protected":false},"excerpt":{"rendered":"<p>\u00a05 \u015eubat 1996 y\u0131l\u0131nda Ayd\u0131n\u2019\u0131n Nazilli il\u00e7esinde do\u011fdum. \u0130lk ve orta \u00f6\u011fretimimi Nazilli Fatih \u0130lk\u00f6\u011fretim Okulunda tamamlad\u0131m. \u00a0 \u00a0Babam Mustafa ERTEK\u0130N\u2019inde deste\u011fiyle kendi potansiyelimin fark\u0131na varana kadar bir \u00e7ok teknolojik \u00fcr\u00fcn par\u00e7alad\u0131m, birle\u015ftirdim yeri geldi i\u015fe yaramaz \u015feyleri i\u015fe yarar hale getirdim ayn\u0131 zamanda i\u015fe yarar \u015feyleri bozmu\u015flu\u011fumda vard\u0131r ama denemekten hi\u00e7 bir zaman korkmad\u0131m. &hellip; <a href=\"https:\/\/ibrahimertekin.com\/index.php\/hakkimda\/\" class=\"more-link\">Okumaya devam et <span class=\"screen-reader-text\">Hakk\u0131mda<\/span><\/a><\/p>\n<div class=\"sharedaddy sd-sharing-enabled\"><div class=\"robots-nocontent sd-block sd-social sd-social-icon-text sd-sharing\"><h3 class=\"sd-title\">Bunu payla\u015f:<\/h3><div class=\"sd-content\"><ul><li class=\"share-print\"><a rel=\"nofollow noopener noreferrer\" data-shared=\"\" class=\"share-print sd-button share-icon\" href=\"https:\/\/ibrahimertekin.com\/index.php\/hakkimda\/\" target=\"_blank\" title=\"Yazd\u0131rmak i\u00e7in t\u0131klay\u0131n\"><span>Yazd\u0131r<\/span><\/a><\/li><li class=\"share-facebook\"><a rel=\"nofollow noopener noreferrer\" data-shared=\"sharing-facebook-25\" class=\"share-facebook sd-button share-icon\" href=\"https:\/\/ibrahimertekin.com\/index.php\/hakkimda\/?share=facebook\" target=\"_blank\" title=\"Facebook'ta payla\u015fmak i\u00e7in t\u0131klay\u0131n\"><span>Facebook<\/span><\/a><\/li><li class=\"share-twitter\"><a rel=\"nofollow noopener noreferrer\" data-shared=\"sharing-twitter-25\" class=\"share-twitter sd-button share-icon\" href=\"https:\/\/ibrahimertekin.com\/index.php\/hakkimda\/?share=twitter\" target=\"_blank\" title=\"Twitter \u00fczerinde payla\u015fmak i\u00e7in t\u0131klay\u0131n\"><span>Twitter<\/span><\/a><\/li><li class=\"share-linkedin\"><a rel=\"nofollow noopener noreferrer\" data-shared=\"sharing-linkedin-25\" class=\"share-linkedin sd-button share-icon\" href=\"https:\/\/ibrahimertekin.com\/index.php\/hakkimda\/?share=linkedin\" target=\"_blank\" title=\"Linkedln \u00fczerinden payla\u015fmak i\u00e7in t\u0131klay\u0131n\"><span>LinkedIn<\/span><\/a><\/li><li class=\"share-jetpack-whatsapp\"><a rel=\"nofollow noopener noreferrer\" data-shared=\"\" class=\"share-jetpack-whatsapp sd-button share-icon\" href=\"https:\/\/ibrahimertekin.com\/index.php\/hakkimda\/?share=jetpack-whatsapp\" target=\"_blank\" title=\"WhatsApp'ta payla\u015fmak i\u00e7in t\u0131klay\u0131n\"><span>WhatsApp<\/span><\/a><\/li><li class=\"share-email\"><a rel=\"nofollow noopener noreferrer\" data-shared=\"\" class=\"share-email sd-button share-icon\" href=\"https:\/\/ibrahimertekin.com\/index.php\/hakkimda\/?share=email\" target=\"_blank\" title=\"Arkada\u015f\u0131n\u0131zla e-posta \u00fczerinden payla\u015fmak i\u00e7in t\u0131klay\u0131n\"><span>E-posta<\/span><\/a><\/li><li class=\"share-end\"><\/li><\/ul><\/div><\/div><\/div>","protected":false},"author":1,"featured_media":0,"parent":0,"menu_order":0,"comment_status":"closed","ping_status":"closed","template":"","meta":{"spay_email":""},"jetpack_sharing_enabled":true,"jetpack_shortlink":"https:\/\/wp.me\/PdOnvw-p","_links":{"self":[{"href":"https:\/\/ibrahimertekin.com\/index.php\/wp-json\/wp\/v2\/pages\/25"}],"collection":[{"href":"https:\/\/ibrahimertekin.com\/index.php\/wp-json\/wp\/v2\/pages"}],"about":[{"href":"https:\/\/ibrahimertekin.com\/index.php\/wp-json\/wp\/v2\/types\/page"}],"author":[{"embeddable":true,"href":"https:\/\/ibrahimertekin.com\/index.php\/wp-json\/wp\/v2\/users\/1"}],"replies":[{"embeddable":true,"href":"https:\/\/ibrahimertekin.com\/index.php\/wp-json\/wp\/v2\/comments?post=25"}],"version-history":[{"count":4,"href":"https:\/\/ibrahimertekin.com\/index.php\/wp-json\/wp\/v2\/pages\/25\/revisions"}],"predecessor-version":[{"id":908,"href":"https:\/\/ibrahimertekin.com\/index.php\/wp-json\/wp\/v2\/pages\/25\/revisions\/908"}],"wp:attachment":[{"href":"https:\/\/ibrahimertekin.com\/index.php\/wp-json\/wp\/v2\/media?parent=25"}],"curies":[{"name":"wp","href":"https:\/\/api.w.org\/{rel}","templated":true}]}}