{"id":29,"date":"2017-01-16T21:26:48","date_gmt":"2017-01-16T18:26:48","guid":{"rendered":"http:\/\/ibrahimertekin.com\/?page_id=29"},"modified":"2017-06-03T14:37:01","modified_gmt":"2017-06-03T11:37:01","slug":"iletisim","status":"publish","type":"page","link":"https:\/\/ibrahimertekin.com\/index.php\/iletisim\/","title":{"rendered":"\u0130leti\u015fim"},"content":{"rendered":"<p>\u0130brahimertekin@<span class=\"skimlinks-unlinked\">gmail.com<\/span><\/p>\n<p>+90 (544) 650 09 99<\/p>\n<div id='contact-form-29'>\n<form action='https:\/\/ibrahimertekin.com\/index.php\/iletisim\/#contact-form-29' method='post' class='contact-form commentsblock'>\n<script>\n\t\t\t( function () {\n\t\t\t\tconst contact_forms = document.getElementsByClassName('contact-form');\n\n\t\t\t\tfor ( const form of contact_forms ) {\n\t\t\t\t\tform.onsubmit = function() {\n\t\t\t\t\t\tconst buttons = form.getElementsByTagName('button');\n\n\t\t\t\t\t\tfor( const button of buttons ) {\n\t\t\t\t\t\t\tbutton.setAttribute('disabled', true);\n\t\t\t\t\t\t}\n\t\t\t\t\t}\n\t\t\t\t}\n\t\t\t} )();\n\t\t<\/script>\n<div class='grunion-field-wrap grunion-field-name-wrap'  >\n<label\n\t\t\t\tfor='g29-sim'\n\t\t\t\tclass='grunion-field-label name'\n\t\t\t\t>\u0130sim<span>(gerekli)<\/span><\/label>\n<input\n\t\t\t\t\ttype='text'\n\t\t\t\t\tname='g29-sim'\n\t\t\t\t\tid='g29-sim'\n\t\t\t\t\tvalue=''\n\t\t\t\t\tclass='name' \n\t\t\t\t\trequired aria-required='true'\n\t\t\t\t\/>\n\t<\/div>\n\n<div class='grunion-field-wrap grunion-field-email-wrap'  >\n<label\n\t\t\t\tfor='g29-eposta'\n\t\t\t\tclass='grunion-field-label email'\n\t\t\t\t>E-Posta<span>(gerekli)<\/span><\/label>\n<input\n\t\t\t\t\ttype='email'\n\t\t\t\t\tname='g29-eposta'\n\t\t\t\t\tid='g29-eposta'\n\t\t\t\t\tvalue=''\n\t\t\t\t\tclass='email' \n\t\t\t\t\trequired aria-required='true'\n\t\t\t\t\/>\n\t<\/div>\n\n<div class='grunion-field-wrap grunion-field-url-wrap'  >\n<label\n\t\t\t\tfor='g29-ceptelefonunumaranz'\n\t\t\t\tclass='grunion-field-label url'\n\t\t\t\t>Cep Telefonu Numaran\u0131z<\/label>\n<input\n\t\t\t\t\ttype='url'\n\t\t\t\t\tname='g29-ceptelefonunumaranz'\n\t\t\t\t\tid='g29-ceptelefonunumaranz'\n\t\t\t\t\tvalue=''\n\t\t\t\t\tclass='url' \n\t\t\t\t\t\n\t\t\t\t\/>\n\t<\/div>\n\n<div class='grunion-field-wrap grunion-field-textarea-wrap'  >\n<label\n\t\t\t\tfor='contact-form-comment-g29-yorum'\n\t\t\t\tclass='grunion-field-label textarea'\n\t\t\t\t>Yorum<span>(gerekli)<\/span><\/label>\n<textarea\n\t\t                name='g29-yorum'\n\t\t                id='contact-form-comment-g29-yorum'\n\t\t                rows='20' class='textarea'  required aria-required='true'><\/textarea>\n\t<\/div>\n\t<p class='contact-submit'>\n\t\t<button type='submit' class='pushbutton-wide'>G\u00f6nder<\/button>\t\t<input type='hidden' name='contact-form-id' value='29' \/>\n\t\t<input type='hidden' name='action' value='grunion-contact-form' \/>\n\t\t<input type='hidden' name='contact-form-hash' value='c048a7eb82da9f6a5c2b782ea1d43c12fa0fa4b7' \/>\n\t<\/p>\n<p style=\"display: none !important;\" class=\"akismet-fields-container\" data-prefix=\"ak_\"><label>&#916;<textarea name=\"ak_hp_textarea\" cols=\"45\" rows=\"8\" maxlength=\"100\"><\/textarea><\/label><input type=\"hidden\" id=\"ak_js_1\" name=\"ak_js\" value=\"18\"\/><script>document.getElementById( \"ak_js_1\" ).setAttribute( \"value\", ( new Date() ).getTime() );<\/script><\/p><\/form>\n<\/div>\n<p>&nbsp;<\/p>\n<div class=\"sharedaddy sd-sharing-enabled\"><div class=\"robots-nocontent sd-block sd-social sd-social-icon-text sd-sharing\"><h3 class=\"sd-title\">Bunu payla\u015f:<\/h3><div class=\"sd-content\"><ul><li class=\"share-print\"><a rel=\"nofollow noopener noreferrer\" data-shared=\"\" class=\"share-print sd-button share-icon\" href=\"https:\/\/ibrahimertekin.com\/index.php\/iletisim\/\" target=\"_blank\" title=\"Yazd\u0131rmak i\u00e7in t\u0131klay\u0131n\"><span>Yazd\u0131r<\/span><\/a><\/li><li class=\"share-facebook\"><a rel=\"nofollow noopener noreferrer\" data-shared=\"sharing-facebook-29\" class=\"share-facebook sd-button share-icon\" href=\"https:\/\/ibrahimertekin.com\/index.php\/iletisim\/?share=facebook\" target=\"_blank\" title=\"Facebook'ta payla\u015fmak i\u00e7in t\u0131klay\u0131n\"><span>Facebook<\/span><\/a><\/li><li class=\"share-twitter\"><a rel=\"nofollow noopener noreferrer\" data-shared=\"sharing-twitter-29\" class=\"share-twitter sd-button share-icon\" href=\"https:\/\/ibrahimertekin.com\/index.php\/iletisim\/?share=twitter\" target=\"_blank\" title=\"Twitter \u00fczerinde payla\u015fmak i\u00e7in t\u0131klay\u0131n\"><span>Twitter<\/span><\/a><\/li><li class=\"share-linkedin\"><a rel=\"nofollow noopener noreferrer\" data-shared=\"sharing-linkedin-29\" class=\"share-linkedin sd-button share-icon\" href=\"https:\/\/ibrahimertekin.com\/index.php\/iletisim\/?share=linkedin\" target=\"_blank\" title=\"Linkedln \u00fczerinden payla\u015fmak i\u00e7in t\u0131klay\u0131n\"><span>LinkedIn<\/span><\/a><\/li><li class=\"share-jetpack-whatsapp\"><a rel=\"nofollow noopener noreferrer\" data-shared=\"\" class=\"share-jetpack-whatsapp sd-button share-icon\" href=\"https:\/\/ibrahimertekin.com\/index.php\/iletisim\/?share=jetpack-whatsapp\" target=\"_blank\" title=\"WhatsApp'ta payla\u015fmak i\u00e7in t\u0131klay\u0131n\"><span>WhatsApp<\/span><\/a><\/li><li class=\"share-email\"><a rel=\"nofollow noopener noreferrer\" data-shared=\"\" class=\"share-email sd-button share-icon\" href=\"https:\/\/ibrahimertekin.com\/index.php\/iletisim\/?share=email\" target=\"_blank\" title=\"Arkada\u015f\u0131n\u0131zla e-posta \u00fczerinden payla\u015fmak i\u00e7in t\u0131klay\u0131n\"><span>E-posta<\/span><\/a><\/li><li class=\"share-end\"><\/li><\/ul><\/div><\/div><\/div>","protected":false},"excerpt":{"rendered":"<p>\u0130brahimertekin@gmail.com +90 (544) 650 09 99 &nbsp;<\/p>\n<div class=\"sharedaddy sd-sharing-enabled\"><div class=\"robots-nocontent sd-block sd-social sd-social-icon-text sd-sharing\"><h3 class=\"sd-title\">Bunu payla\u015f:<\/h3><div class=\"sd-content\"><ul><li class=\"share-print\"><a rel=\"nofollow noopener noreferrer\" data-shared=\"\" class=\"share-print sd-button share-icon\" href=\"https:\/\/ibrahimertekin.com\/index.php\/iletisim\/\" target=\"_blank\" title=\"Yazd\u0131rmak i\u00e7in t\u0131klay\u0131n\"><span>Yazd\u0131r<\/span><\/a><\/li><li class=\"share-facebook\"><a rel=\"nofollow noopener noreferrer\" data-shared=\"sharing-facebook-29\" class=\"share-facebook sd-button share-icon\" href=\"https:\/\/ibrahimertekin.com\/index.php\/iletisim\/?share=facebook\" target=\"_blank\" title=\"Facebook'ta payla\u015fmak i\u00e7in t\u0131klay\u0131n\"><span>Facebook<\/span><\/a><\/li><li class=\"share-twitter\"><a rel=\"nofollow noopener noreferrer\" data-shared=\"sharing-twitter-29\" class=\"share-twitter sd-button share-icon\" href=\"https:\/\/ibrahimertekin.com\/index.php\/iletisim\/?share=twitter\" target=\"_blank\" title=\"Twitter \u00fczerinde payla\u015fmak i\u00e7in t\u0131klay\u0131n\"><span>Twitter<\/span><\/a><\/li><li class=\"share-linkedin\"><a rel=\"nofollow noopener noreferrer\" data-shared=\"sharing-linkedin-29\" class=\"share-linkedin sd-button share-icon\" href=\"https:\/\/ibrahimertekin.com\/index.php\/iletisim\/?share=linkedin\" target=\"_blank\" title=\"Linkedln \u00fczerinden payla\u015fmak i\u00e7in t\u0131klay\u0131n\"><span>LinkedIn<\/span><\/a><\/li><li class=\"share-jetpack-whatsapp\"><a rel=\"nofollow noopener noreferrer\" data-shared=\"\" class=\"share-jetpack-whatsapp sd-button share-icon\" href=\"https:\/\/ibrahimertekin.com\/index.php\/iletisim\/?share=jetpack-whatsapp\" target=\"_blank\" title=\"WhatsApp'ta payla\u015fmak i\u00e7in t\u0131klay\u0131n\"><span>WhatsApp<\/span><\/a><\/li><li class=\"share-email\"><a rel=\"nofollow noopener noreferrer\" data-shared=\"\" class=\"share-email sd-button share-icon\" href=\"https:\/\/ibrahimertekin.com\/index.php\/iletisim\/?share=email\" target=\"_blank\" title=\"Arkada\u015f\u0131n\u0131zla e-posta \u00fczerinden payla\u015fmak i\u00e7in t\u0131klay\u0131n\"><span>E-posta<\/span><\/a><\/li><li class=\"share-end\"><\/li><\/ul><\/div><\/div><\/div>","protected":false},"author":1,"featured_media":0,"parent":0,"menu_order":0,"comment_status":"closed","ping_status":"closed","template":"","meta":{"spay_email":""},"jetpack_sharing_enabled":true,"jetpack_shortlink":"https:\/\/wp.me\/PdOnvw-t","_links":{"self":[{"href":"https:\/\/ibrahimertekin.com\/index.php\/wp-json\/wp\/v2\/pages\/29"}],"collection":[{"href":"https:\/\/ibrahimertekin.com\/index.php\/wp-json\/wp\/v2\/pages"}],"about":[{"href":"https:\/\/ibrahimertekin.com\/index.php\/wp-json\/wp\/v2\/types\/page"}],"author":[{"embeddable":true,"href":"https:\/\/ibrahimertekin.com\/index.php\/wp-json\/wp\/v2\/users\/1"}],"replies":[{"embeddable":true,"href":"https:\/\/ibrahimertekin.com\/index.php\/wp-json\/wp\/v2\/comments?post=29"}],"version-history":[{"count":3,"href":"https:\/\/ibrahimertekin.com\/index.php\/wp-json\/wp\/v2\/pages\/29\/revisions"}],"predecessor-version":[{"id":692,"href":"https:\/\/ibrahimertekin.com\/index.php\/wp-json\/wp\/v2\/pages\/29\/revisions\/692"}],"wp:attachment":[{"href":"https:\/\/ibrahimertekin.com\/index.php\/wp-json\/wp\/v2\/media?parent=29"}],"curies":[{"name":"wp","href":"https:\/\/api.w.org\/{rel}","templated":true}]}}