{"id":31,"date":"2017-01-16T21:27:09","date_gmt":"2017-01-16T18:27:09","guid":{"rendered":"http:\/\/ibrahimertekin.com\/?page_id=31"},"modified":"2020-03-22T13:58:21","modified_gmt":"2020-03-22T10:58:21","slug":"cv","status":"publish","type":"page","link":"https:\/\/ibrahimertekin.com\/index.php\/cv\/","title":{"rendered":"\u00d6zge\u00e7mi\u015fim"},"content":{"rendered":"<a href=\"https:\/\/ibrahimertekin.com\/wp-content\/uploads\/2020\/03\/ibrahimertekincv.pdf\" class=\"pdfemb-viewer\" style=\"\" data-width=\"max\" data-height=\"max\" data-toolbar=\"bottom\" data-toolbar-fixed=\"off\">ibrahimertekincv<\/a>\n<p class=\"wp-block-pdfemb-pdf-embedder-viewer\"><\/p>\n\n\n\n<div class=\"wp-block-file\"><a href=\"http:\/\/ibrahimertekin.com\/wp-content\/uploads\/2020\/03\/ibrahimertekincv.pdf\">ibrahimertekincv<\/a><a href=\"http:\/\/ibrahimertekin.com\/wp-content\/uploads\/2020\/03\/ibrahimertekincv.pdf\" class=\"wp-block-file__button\" download>Download<\/a><\/div>\n<div class=\"sharedaddy sd-sharing-enabled\"><div class=\"robots-nocontent sd-block sd-social sd-social-icon-text sd-sharing\"><h3 class=\"sd-title\">Bunu payla\u015f:<\/h3><div class=\"sd-content\"><ul><li class=\"share-print\"><a rel=\"nofollow noopener noreferrer\" data-shared=\"\" class=\"share-print sd-button share-icon\" href=\"https:\/\/ibrahimertekin.com\/index.php\/cv\/\" target=\"_blank\" title=\"Yazd\u0131rmak i\u00e7in t\u0131klay\u0131n\"><span>Yazd\u0131r<\/span><\/a><\/li><li class=\"share-facebook\"><a rel=\"nofollow noopener noreferrer\" data-shared=\"sharing-facebook-31\" class=\"share-facebook sd-button share-icon\" href=\"https:\/\/ibrahimertekin.com\/index.php\/cv\/?share=facebook\" target=\"_blank\" title=\"Facebook'ta payla\u015fmak i\u00e7in t\u0131klay\u0131n\"><span>Facebook<\/span><\/a><\/li><li class=\"share-twitter\"><a rel=\"nofollow noopener noreferrer\" data-shared=\"sharing-twitter-31\" class=\"share-twitter sd-button share-icon\" href=\"https:\/\/ibrahimertekin.com\/index.php\/cv\/?share=twitter\" target=\"_blank\" title=\"Twitter \u00fczerinde payla\u015fmak i\u00e7in t\u0131klay\u0131n\"><span>Twitter<\/span><\/a><\/li><li class=\"share-linkedin\"><a rel=\"nofollow noopener noreferrer\" data-shared=\"sharing-linkedin-31\" class=\"share-linkedin sd-button share-icon\" href=\"https:\/\/ibrahimertekin.com\/index.php\/cv\/?share=linkedin\" target=\"_blank\" title=\"Linkedln \u00fczerinden payla\u015fmak i\u00e7in t\u0131klay\u0131n\"><span>LinkedIn<\/span><\/a><\/li><li class=\"share-jetpack-whatsapp\"><a rel=\"nofollow noopener noreferrer\" data-shared=\"\" class=\"share-jetpack-whatsapp sd-button share-icon\" href=\"https:\/\/ibrahimertekin.com\/index.php\/cv\/?share=jetpack-whatsapp\" target=\"_blank\" title=\"WhatsApp'ta payla\u015fmak i\u00e7in t\u0131klay\u0131n\"><span>WhatsApp<\/span><\/a><\/li><li class=\"share-email\"><a rel=\"nofollow noopener noreferrer\" data-shared=\"\" class=\"share-email sd-button share-icon\" href=\"https:\/\/ibrahimertekin.com\/index.php\/cv\/?share=email\" target=\"_blank\" title=\"Arkada\u015f\u0131n\u0131zla e-posta \u00fczerinden payla\u015fmak i\u00e7in t\u0131klay\u0131n\"><span>E-posta<\/span><\/a><\/li><li class=\"share-end\"><\/li><\/ul><\/div><\/div><\/div>","protected":false},"excerpt":{"rendered":"<div class=\"sharedaddy sd-sharing-enabled\"><div class=\"robots-nocontent sd-block sd-social sd-social-icon-text sd-sharing\"><h3 class=\"sd-title\">Bunu payla\u015f:<\/h3><div class=\"sd-content\"><ul><li class=\"share-print\"><a rel=\"nofollow noopener noreferrer\" data-shared=\"\" class=\"share-print sd-button share-icon\" href=\"https:\/\/ibrahimertekin.com\/index.php\/cv\/\" target=\"_blank\" title=\"Yazd\u0131rmak i\u00e7in t\u0131klay\u0131n\"><span>Yazd\u0131r<\/span><\/a><\/li><li class=\"share-facebook\"><a rel=\"nofollow noopener noreferrer\" data-shared=\"sharing-facebook-31\" class=\"share-facebook sd-button share-icon\" href=\"https:\/\/ibrahimertekin.com\/index.php\/cv\/?share=facebook\" target=\"_blank\" title=\"Facebook'ta payla\u015fmak i\u00e7in t\u0131klay\u0131n\"><span>Facebook<\/span><\/a><\/li><li class=\"share-twitter\"><a rel=\"nofollow noopener noreferrer\" data-shared=\"sharing-twitter-31\" class=\"share-twitter sd-button share-icon\" href=\"https:\/\/ibrahimertekin.com\/index.php\/cv\/?share=twitter\" target=\"_blank\" title=\"Twitter \u00fczerinde payla\u015fmak i\u00e7in t\u0131klay\u0131n\"><span>Twitter<\/span><\/a><\/li><li class=\"share-linkedin\"><a rel=\"nofollow noopener noreferrer\" data-shared=\"sharing-linkedin-31\" class=\"share-linkedin sd-button share-icon\" href=\"https:\/\/ibrahimertekin.com\/index.php\/cv\/?share=linkedin\" target=\"_blank\" title=\"Linkedln \u00fczerinden payla\u015fmak i\u00e7in t\u0131klay\u0131n\"><span>LinkedIn<\/span><\/a><\/li><li class=\"share-jetpack-whatsapp\"><a rel=\"nofollow noopener noreferrer\" data-shared=\"\" class=\"share-jetpack-whatsapp sd-button share-icon\" href=\"https:\/\/ibrahimertekin.com\/index.php\/cv\/?share=jetpack-whatsapp\" target=\"_blank\" title=\"WhatsApp'ta payla\u015fmak i\u00e7in t\u0131klay\u0131n\"><span>WhatsApp<\/span><\/a><\/li><li class=\"share-email\"><a rel=\"nofollow noopener noreferrer\" data-shared=\"\" class=\"share-email sd-button share-icon\" href=\"https:\/\/ibrahimertekin.com\/index.php\/cv\/?share=email\" target=\"_blank\" title=\"Arkada\u015f\u0131n\u0131zla e-posta \u00fczerinden payla\u015fmak i\u00e7in t\u0131klay\u0131n\"><span>E-posta<\/span><\/a><\/li><li class=\"share-end\"><\/li><\/ul><\/div><\/div><\/div>","protected":false},"author":1,"featured_media":0,"parent":0,"menu_order":0,"comment_status":"closed","ping_status":"closed","template":"","meta":{"spay_email":""},"jetpack_sharing_enabled":true,"jetpack_shortlink":"https:\/\/wp.me\/PdOnvw-v","_links":{"self":[{"href":"https:\/\/ibrahimertekin.com\/index.php\/wp-json\/wp\/v2\/pages\/31"}],"collection":[{"href":"https:\/\/ibrahimertekin.com\/index.php\/wp-json\/wp\/v2\/pages"}],"about":[{"href":"https:\/\/ibrahimertekin.com\/index.php\/wp-json\/wp\/v2\/types\/page"}],"author":[{"embeddable":true,"href":"https:\/\/ibrahimertekin.com\/index.php\/wp-json\/wp\/v2\/users\/1"}],"replies":[{"embeddable":true,"href":"https:\/\/ibrahimertekin.com\/index.php\/wp-json\/wp\/v2\/comments?post=31"}],"version-history":[{"count":13,"href":"https:\/\/ibrahimertekin.com\/index.php\/wp-json\/wp\/v2\/pages\/31\/revisions"}],"predecessor-version":[{"id":944,"href":"https:\/\/ibrahimertekin.com\/index.php\/wp-json\/wp\/v2\/pages\/31\/revisions\/944"}],"wp:attachment":[{"href":"https:\/\/ibrahimertekin.com\/index.php\/wp-json\/wp\/v2\/media?parent=31"}],"curies":[{"name":"wp","href":"https:\/\/api.w.org\/{rel}","templated":true}]}}